{"id":1687,"date":"2025-12-02T21:26:35","date_gmt":"2025-12-02T21:26:35","guid":{"rendered":"https:\/\/www.druidyzm.pl\/?page_id=1687"},"modified":"2025-12-02T21:26:35","modified_gmt":"2025-12-02T21:26:35","slug":"posluga","status":"publish","type":"page","link":"https:\/\/www.druidyzm.pl\/?page_id=1687","title":{"rendered":"Pos\u0142uga"},"content":{"rendered":"\n<p style=\"font-size:22px\"><strong>Rytua\u0142y Przej\u015bcia<\/strong><\/p>\n\n\n<div class=\"wp-block-image is-style-default\">\n<figure class=\"alignright size-large is-resized\"><img loading=\"lazy\" decoding=\"async\" width=\"684\" height=\"1024\" src=\"http:\/\/www.druidyzm.pl\/wp-content\/uploads\/2025\/06\/500423910_4051754491749271_3715821843877545388_n-684x1024.jpg\" alt=\"\" class=\"wp-image-1424\" style=\"width:325px;height:487px\" srcset=\"https:\/\/www.druidyzm.pl\/wp-content\/uploads\/2025\/06\/500423910_4051754491749271_3715821843877545388_n-684x1024.jpg 684w, https:\/\/www.druidyzm.pl\/wp-content\/uploads\/2025\/06\/500423910_4051754491749271_3715821843877545388_n-200x300.jpg 200w, https:\/\/www.druidyzm.pl\/wp-content\/uploads\/2025\/06\/500423910_4051754491749271_3715821843877545388_n-768x1151.jpg 768w, https:\/\/www.druidyzm.pl\/wp-content\/uploads\/2025\/06\/500423910_4051754491749271_3715821843877545388_n-1025x1536.jpg 1025w, https:\/\/www.druidyzm.pl\/wp-content\/uploads\/2025\/06\/500423910_4051754491749271_3715821843877545388_n-520x779.jpg 520w, https:\/\/www.druidyzm.pl\/wp-content\/uploads\/2025\/06\/500423910_4051754491749271_3715821843877545388_n-740x1109.jpg 740w, https:\/\/www.druidyzm.pl\/wp-content\/uploads\/2025\/06\/500423910_4051754491749271_3715821843877545388_n.jpg 1367w\" sizes=\"auto, (max-width: 684px) 100vw, 684px\" \/><\/figure><\/div>\n\n\n<p>Wa\u017cne momenty w \u017cyciu domagaj\u0105 si\u0119 znaku. Przej\u015bcia. Celebracji. Niezale\u017cnie od tego, czy witasz dziecko, zaczynasz nowy etap, \u0142\u0105czysz si\u0119 w mi\u0142o\u015bci czy \u017cegnasz blisk\u0105 osob\u0119: rytua\u0142 mo\u017ce by\u0107 sposobem na zrozumienie, uhonorowanie i wyra\u017cenie tego, czego nie wyra\u017caj\u0105 zwyk\u0142e gesty i s\u0142owa.<\/p>\n\n\n\n<p>Wsp\u00f3lnie przygotujemy ceremoni\u0119 &#8211; z szacunkiem do Twojej historii, przekona\u0144 i potrzeb. Rytua\u0142 mo\u017ce mie\u0107 charakter duchowy, symboliczny, wsp\u00f3lnotowy lub bardzo osobisty. Koszta s\u0105 ustalane indywidualnie: w zale\u017cno\u015bci od formy, miejsca i przygotowa\u0144.<\/p>\n\n\n\n<p><strong>Proponowane Rytua\u0142y:<\/strong><\/p>\n\n\n\n<ul class=\"wp-block-list\">\n<li>Powitanie dziecka<\/li>\n\n\n\n<li>Nadanie imienia<\/li>\n\n\n\n<li>Ma\u0142\u017ce\u0144stwa i za\u015blubiny<\/li>\n\n\n\n<li>Pogrzeby i ceremonie odej\u015bcia<\/li>\n\n\n\n<li>Rytua\u0142y uwolnienia i domkni\u0119cia<\/li>\n\n\n\n<li>Konsekracja miejsc, przestrzeni<\/li>\n<\/ul>\n\n\n\n<p><strong><em>Emrys jest celebrantem zarejestrowanym w Order of Bards, Ovates and Druids<\/em><\/strong><\/p>\n\n\n\n<div class=\"wp-block-buttons is-content-justification-left is-layout-flex wp-container-core-buttons-is-layout-fdcfc74e wp-block-buttons-is-layout-flex\">\n<div class=\"wp-block-button\"><a class=\"wp-block-button__link wp-element-button\" href=\"https:\/\/www.druidyzm.pl\/?page_id=517\">Emrys na stronie OBOD<\/a><\/div>\n<\/div>\n\n\n\n<p><br><strong>Rytua\u0142y Przej\u015bcia i wszelkie ceremonie b\u0105d\u017a inne dzia\u0142ania &#8211; nale\u017cy planowa\u0107 z odpowiednim wyprzedzeniem. Napisz czego potrzebujesz, porozmawiamy i ustalimy najlepsze rozwi\u0105zanie. <\/strong><\/p>\n\n\n\n<hr class=\"wp-block-separator has-alpha-channel-opacity\"\/>\n\n\n\n<p><strong>Wyk\u0142ady, Spotkania i Prelekcje<\/strong><br>Je\u015bli chcesz zorganizowa\u0107 spotkanie z tradycj\u0105 &#8211; w Twoim mie\u015bcie, o\u015brodku, szkole czy przestrzeni kultury &#8211; <strong>napisz<\/strong>. Prowadzimy warsztaty, prelekcje i wsp\u00f3lne rytua\u0142y, wprowadzaj\u0105ce w duchowo\u015b\u0107 natury, cykle roku, mitologi\u0119 i praktyk\u0119 \u017cycia zgodnie z rytmem Ziemi.<\/p>\n\n\n\n<p><strong>Masz pytania? Chcesz um\u00f3wi\u0107 si\u0119 na spotkanie?<br><a href=\"https:\/\/www.druidyzm.pl\/?page_id=38\" data-type=\"page\" data-id=\"38\">Napisz do mnie<\/a> &#8211; wsp\u00f3lnie ustalimy, co b\u0119dzie dla Ciebie najlepsze.<\/strong><\/p>\n\n\n\n<hr class=\"wp-block-separator has-alpha-channel-opacity\"\/>\n\n\n\n<h4 class=\"wp-block-heading\"><strong>Wr\u00f3\u017cby<\/strong><\/h4>\n\n\n\n<p id=\"posluga\">Czasem pytanie nie potrzebuje samej analizy, lecz symbolu. Obrazu. Znaku. Przekazu. W takich przypadkach proponuj\u0119 drogowskazy \u2013 oparte na intuicji, kartach, ogamie lub medytacyjnej pracy z wod\u0105 i zwierciad\u0142em. Ka\u017cda wr\u00f3\u017cba jest g\u0142\u0119boko dostosowana do Twojej sytuacji i wykonywana z najwy\u017csz\u0105 uwa\u017cno\u015bci\u0105.<\/p>\n\n\n\n<p><strong>Wr\u00f3\u017cba Druida\/Drogowskaz [odpowied\u017a na Twoje pytanie] &#8212;&#8212;&#8212;&#8212;&#8212;&#8212; 100PLN<\/strong><\/p>\n\n\n\n<p>Moje metody dywinacji zawieraj\u0105 w sobie klasyczne karty tarota, kilka rodzaj\u00f3w kart wyroczni, druidzkie pismo ogamiczne (alfabet druid\u00f3w), ale wieloletnia praktyka pozwoli\u0142a mi rozwin\u0105\u0107 metody oparte na postrzeganiu, wykorzystuj\u0105c hydromancj\u0119 (tafl\u0119 wody) lub zwierciad\u0142a. Na pierwszym miejscu jest to co czuj\u0119, dlatego zawsze dobieram metod\u0119 do konkretnej sytuacji, aby obraz sprawy by\u0142 pe\u0142ny, a rozwi\u0105zania mo\u017cliwie jak najbardziej jasne. W niekt\u00f3rych przypadkach korzystam z formy rytualnej, g\u0142\u0119bokiej medytacji\/transu, podczas kt\u00f3rej tworz\u0119 odpowiedzi i szukam dla Ciebie mo\u017cliwych rozwi\u0105za\u0144.<\/p>\n","protected":false},"excerpt":{"rendered":"<p>Rytua\u0142y Przej\u015bcia Wa\u017cne momenty w \u017cyciu domagaj\u0105 si\u0119 znaku. Przej\u015bcia. Celebracji. Niezale\u017cnie od tego, czy witasz dziecko, zaczynasz nowy etap, \u0142\u0105czysz si\u0119 w mi\u0142o\u015bci czy \u017cegnasz blisk\u0105 osob\u0119: rytua\u0142 mo\u017ce by\u0107 sposobem na zrozumienie, uhonorowanie<a class=\"read-more\" href=\"https:\/\/www.druidyzm.pl\/?page_id=1687\">Continue reading<\/a><\/p>\n","protected":false},"author":1,"featured_media":0,"parent":0,"menu_order":0,"comment_status":"closed","ping_status":"closed","template":"","meta":{"ngg_post_thumbnail":0,"footnotes":""},"class_list":["post-1687","page","type-page","status-publish","hentry"],"_links":{"self":[{"href":"https:\/\/www.druidyzm.pl\/index.php?rest_route=\/wp\/v2\/pages\/1687","targetHints":{"allow":["GET"]}}],"collection":[{"href":"https:\/\/www.druidyzm.pl\/index.php?rest_route=\/wp\/v2\/pages"}],"about":[{"href":"https:\/\/www.druidyzm.pl\/index.php?rest_route=\/wp\/v2\/types\/page"}],"author":[{"embeddable":true,"href":"https:\/\/www.druidyzm.pl\/index.php?rest_route=\/wp\/v2\/users\/1"}],"replies":[{"embeddable":true,"href":"https:\/\/www.druidyzm.pl\/index.php?rest_route=%2Fwp%2Fv2%2Fcomments&post=1687"}],"version-history":[{"count":1,"href":"https:\/\/www.druidyzm.pl\/index.php?rest_route=\/wp\/v2\/pages\/1687\/revisions"}],"predecessor-version":[{"id":1691,"href":"https:\/\/www.druidyzm.pl\/index.php?rest_route=\/wp\/v2\/pages\/1687\/revisions\/1691"}],"wp:attachment":[{"href":"https:\/\/www.druidyzm.pl\/index.php?rest_route=%2Fwp%2Fv2%2Fmedia&parent=1687"}],"curies":[{"name":"wp","href":"https:\/\/api.w.org\/{rel}","templated":true}]}}