{"id":1186,"date":"2024-11-25T18:10:49","date_gmt":"2024-11-25T18:10:49","guid":{"rendered":"https:\/\/www.druidyzm.pl\/?page_id=1186"},"modified":"2024-11-25T18:19:38","modified_gmt":"2024-11-25T18:19:38","slug":"regulamin-konkursu","status":"publish","type":"page","link":"https:\/\/www.druidyzm.pl\/?page_id=1186","title":{"rendered":"Regulamin Konkursu"},"content":{"rendered":"\n<p><strong><em>Regulamin konkursu fotograficznego \u201eMagia Przesilenia Zimowego\u201d<\/em><\/strong> <strong><em>2024<\/em><\/strong><\/p>\n\n\n\n<p>&#8212;<\/p>\n\n\n\n<p><strong>\u00a7 1. Postanowienia og\u00f3lne<\/strong><\/p>\n\n\n\n<p>1. Organizatorem konkursu jest Emrys Kosek, prowadz\u0105cy stron\u0119 na Facebooku dotycz\u0105c\u0105 druidyzmu (dalej: \u201eOrganizator\u201d).<\/p>\n\n\n\n<p>2. Konkurs odbywa si\u0119 za po\u015brednictwem platformy Facebook i nie jest w \u017caden spos\u00f3b sponsorowany, wspierany ani organizowany przez Facebook.<\/p>\n\n\n\n<p>3. Konkurs trwa od momentu publikacji posta konkursowego do 6 grudnia 2024 roku, do godziny 23:59.<\/p>\n\n\n\n<p>&#8212;<\/p>\n\n\n\n<p><strong>\u00a7 2. Uczestnictwo w konkursie<\/strong><\/p>\n\n\n\n<p>1. Uczestnikami konkursu mog\u0105 by\u0107 osoby pe\u0142noletnie lub osoby niepe\u0142noletnie za zgod\u0105 rodzica\/opiekuna prawnego.<\/p>\n\n\n\n<p>2. Aby wzi\u0105\u0107 udzia\u0142 w konkursie, nale\u017cy:<br>a) Wykona\u0107 zdj\u0119cie zimowego krajobrazu, miejsca lub wydarzenia oddaj\u0105cego atmosfer\u0119 Przesilenia Zimowego. Mo\u017cna r\u00f3wnie\u017c u\u017cy\u0107 zdj\u0119cia wykonanego wcze\u015bniej ni\u017c og\u0142oszenie konkursu.<br>b) Opublikowa\u0107 zdj\u0119cie w komentarzu pod postem konkursowym na stronie Organizatora.<\/p>\n\n\n\n<p>3. Uczestnik mo\u017ce zg\u0142osi\u0107 tylko jedn\u0105 prac\u0119.<\/p>\n\n\n\n<p>4. Zg\u0142aszaj\u0105c zdj\u0119cie, uczestnik potwierdza, \u017ce jest jego autorem i posiada pe\u0142ne prawa autorskie do zg\u0142oszonej pracy.<\/p>\n\n\n\n<p>&#8212;<\/p>\n\n\n\n<p><strong>\u00a7 3. Nagrody<\/strong><\/p>\n\n\n\n<p>1. Nagrodami w konkursie s\u0105:<\/p>\n\n\n\n<p>Nagroda g\u0142\u00f3wna: Amulet Drzewa \u017bycia, wykonany z cyny, pob\u0142ogos\u0142awiony rytualnie intencj\u0105 ochronn\u0105.<\/p>\n\n\n\n<p>Nagroda dodatkowa: Kartka \u015bwi\u0105teczna z \u017cyczeniami od Organizatora.<\/p>\n\n\n\n<p>Wyr\u00f3\u017cnienia: Najlepsze zdj\u0119cia zostan\u0105 opublikowane na stronie Organizatora.<\/p>\n\n\n\n<p>2. Warto\u015b\u0107 nagr\u00f3d nie przekracza kwoty 760 z\u0142 zwolnionej z opodatkowania.<\/p>\n\n\n\n<p>&#8212;<\/p>\n\n\n\n<p><strong>\u00a7 4. Wy\u0142onienie zwyci\u0119zc\u00f3w<\/strong><\/p>\n\n\n\n<p>1. Zwyci\u0119zcy zostan\u0105 wy\u0142onieni przez Organizatora na podstawie subiektywnej oceny kreatywno\u015bci, zgodno\u015bci z tematyk\u0105 i estetyki przes\u0142anych zdj\u0119\u0107.<\/p>\n\n\n\n<p>2. Wyniki konkursu zostan\u0105 og\u0142oszone na stronie Organizatora na Facebooku do 10 grudnia 2024 roku.<\/p>\n\n\n\n<p>3. Nagrody zostan\u0105 wys\u0142ane do zwyci\u0119zc\u00f3w poczt\u0105 na adres podany w wiadomo\u015bci prywatnej.<\/p>\n\n\n\n<p>&#8212;<\/p>\n\n\n\n<p><strong>\u00a7 5. Ochrona danych osobowych<\/strong><\/p>\n\n\n\n<p>1. Administratorem danych osobowych uczestnik\u00f3w jest Organizator.<\/p>\n\n\n\n<p>2. Dane b\u0119d\u0105 przetwarzane wy\u0142\u0105cznie na potrzeby organizacji konkursu, kontaktu z uczestnikami i wysy\u0142ki nagr\u00f3d, zgodnie z przepisami RODO.<\/p>\n\n\n\n<p>3. Uczestnik ma prawo do wgl\u0105du, poprawy i \u017c\u0105dania usuni\u0119cia swoich danych.<\/p>\n\n\n\n<p>&#8212;<\/p>\n\n\n\n<p><strong>\u00a7 6. Postanowienia ko\u0144cowe<\/strong><\/p>\n\n\n\n<p>1. Udzia\u0142 w konkursie jest jednoznaczny z akceptacj\u0105 niniejszego regulaminu.<\/p>\n\n\n\n<p>2. Organizator zastrzega sobie prawo do zmiany regulaminu w trakcie trwania konkursu, o czym poinformuje uczestnik\u00f3w.<\/p>\n\n\n\n<p>3. W przypadku pyta\u0144 lub reklamacji uczestnicy mog\u0105 kontaktowa\u0107 si\u0119 z Organizatorem poprzez wiadomo\u015bci prywatne na stronie lub poprzez e-mail:&nbsp;<a href=\"mailto:kontakt@druidyzm.pl\">kontakt@druidyzm.pl<\/a><\/p>\n\n\n<div class=\"wp-block-image\">\n<figure class=\"aligncenter size-large is-resized\"><img loading=\"lazy\" decoding=\"async\" src=\"http:\/\/www.druidyzm.pl\/wp-content\/uploads\/2024\/11\/cennik-wersja-podstawowa-2-1-1024x1024.png\" alt=\"\" class=\"wp-image-1181\" width=\"512\" height=\"512\" srcset=\"https:\/\/www.druidyzm.pl\/wp-content\/uploads\/2024\/11\/cennik-wersja-podstawowa-2-1-1024x1024.png 1024w, https:\/\/www.druidyzm.pl\/wp-content\/uploads\/2024\/11\/cennik-wersja-podstawowa-2-1-300x300.png 300w, https:\/\/www.druidyzm.pl\/wp-content\/uploads\/2024\/11\/cennik-wersja-podstawowa-2-1-150x150.png 150w, https:\/\/www.druidyzm.pl\/wp-content\/uploads\/2024\/11\/cennik-wersja-podstawowa-2-1-768x768.png 768w, https:\/\/www.druidyzm.pl\/wp-content\/uploads\/2024\/11\/cennik-wersja-podstawowa-2-1-520x520.png 520w, https:\/\/www.druidyzm.pl\/wp-content\/uploads\/2024\/11\/cennik-wersja-podstawowa-2-1-740x740.png 740w, https:\/\/www.druidyzm.pl\/wp-content\/uploads\/2024\/11\/cennik-wersja-podstawowa-2-1.png 1080w\" sizes=\"auto, (max-width: 512px) 100vw, 512px\" \/><\/figure><\/div>\n\n\n<p><\/p>\n","protected":false},"excerpt":{"rendered":"<p>Regulamin konkursu fotograficznego \u201eMagia Przesilenia Zimowego\u201d 2024 &#8212; \u00a7 1. Postanowienia og\u00f3lne 1. Organizatorem konkursu jest Emrys Kosek, prowadz\u0105cy stron\u0119 na Facebooku dotycz\u0105c\u0105 druidyzmu (dalej: \u201eOrganizator\u201d). 2. Konkurs odbywa si\u0119 za po\u015brednictwem platformy Facebook i<a class=\"read-more\" href=\"https:\/\/www.druidyzm.pl\/?page_id=1186\">Continue reading<\/a><\/p>\n","protected":false},"author":1,"featured_media":0,"parent":0,"menu_order":0,"comment_status":"closed","ping_status":"closed","template":"","meta":{"ngg_post_thumbnail":0,"footnotes":""},"class_list":["post-1186","page","type-page","status-publish","hentry"],"_links":{"self":[{"href":"https:\/\/www.druidyzm.pl\/index.php?rest_route=\/wp\/v2\/pages\/1186","targetHints":{"allow":["GET"]}}],"collection":[{"href":"https:\/\/www.druidyzm.pl\/index.php?rest_route=\/wp\/v2\/pages"}],"about":[{"href":"https:\/\/www.druidyzm.pl\/index.php?rest_route=\/wp\/v2\/types\/page"}],"author":[{"embeddable":true,"href":"https:\/\/www.druidyzm.pl\/index.php?rest_route=\/wp\/v2\/users\/1"}],"replies":[{"embeddable":true,"href":"https:\/\/www.druidyzm.pl\/index.php?rest_route=%2Fwp%2Fv2%2Fcomments&post=1186"}],"version-history":[{"count":2,"href":"https:\/\/www.druidyzm.pl\/index.php?rest_route=\/wp\/v2\/pages\/1186\/revisions"}],"predecessor-version":[{"id":1190,"href":"https:\/\/www.druidyzm.pl\/index.php?rest_route=\/wp\/v2\/pages\/1186\/revisions\/1190"}],"wp:attachment":[{"href":"https:\/\/www.druidyzm.pl\/index.php?rest_route=%2Fwp%2Fv2%2Fmedia&parent=1186"}],"curies":[{"name":"wp","href":"https:\/\/api.w.org\/{rel}","templated":true}]}}